{"id":30867,"date":"2023-09-10T11:03:13","date_gmt":"2023-09-10T11:03:13","guid":{"rendered":"https:\/\/dabuka.com\/vision-mission-2\/"},"modified":"2025-09-09T11:22:01","modified_gmt":"2025-09-09T11:22:01","slug":"vision-mission-2","status":"publish","type":"page","link":"https:\/\/dabuka.com\/de\/vision-mission-2\/","title":{"rendered":"Vision &amp; Mission"},"content":{"rendered":"\t\t<div data-elementor-type=\"wp-page\" data-elementor-id=\"30867\" class=\"elementor elementor-30867 elementor-5379\">\n\t\t\t\t\t\t<section class=\"elementor-section elementor-top-section elementor-element elementor-element-6b289cd elementor-section-full_width elementor-section-stretched elementor-section-content-bottom elementor-section-height-default elementor-section-height-default\" data-id=\"6b289cd\" data-element_type=\"section\" data-settings=\"{&quot;stretch_section&quot;:&quot;section-stretched&quot;,&quot;background_background&quot;:&quot;classic&quot;}\">\n\t\t\t\t\t\t\t<div class=\"elementor-background-overlay\"><\/div>\n\t\t\t\t\t\t\t<div class=\"elementor-container elementor-column-gap-default\">\n\t\t\t\t\t<div class=\"elementor-column elementor-col-100 elementor-top-column elementor-element elementor-element-ef608f1\" data-id=\"ef608f1\" data-element_type=\"column\">\n\t\t\t<div class=\"elementor-widget-wrap elementor-element-populated\">\n\t\t\t\t\t\t<section class=\"elementor-section elementor-inner-section elementor-element elementor-element-eeccced elementor-section-content-bottom elementor-section-boxed elementor-section-height-default elementor-section-height-default\" data-id=\"eeccced\" data-element_type=\"section\">\n\t\t\t\t\t\t<div class=\"elementor-container elementor-column-gap-default\">\n\t\t\t\t\t<div class=\"elementor-column elementor-col-100 elementor-inner-column elementor-element elementor-element-949c3d2\" data-id=\"949c3d2\" data-element_type=\"column\">\n\t\t\t<div class=\"elementor-widget-wrap elementor-element-populated\">\n\t\t\t\t\t\t<div class=\"elementor-element elementor-element-138e56d elementor-widget elementor-widget-heading\" data-id=\"138e56d\" data-element_type=\"widget\" data-widget_type=\"heading.default\">\n\t\t\t\t<div class=\"elementor-widget-container\">\n\t\t\t<h1 class=\"elementor-heading-title elementor-size-default\">Vision &amp; Mission<\/h1>\t\t<\/div>\n\t\t\t\t<\/div>\n\t\t\t\t\t<\/div>\n\t\t<\/div>\n\t\t\t\t\t<\/div>\n\t\t<\/section>\n\t\t\t\t\t<\/div>\n\t\t<\/div>\n\t\t\t\t\t<\/div>\n\t\t<\/section>\n\t\t\t\t<section class=\"elementor-section elementor-top-section elementor-element elementor-element-19886ed elementor-section-boxed elementor-section-height-default elementor-section-height-default\" data-id=\"19886ed\" data-element_type=\"section\" data-settings=\"{&quot;background_background&quot;:&quot;classic&quot;}\">\n\t\t\t\t\t\t\t<div class=\"elementor-background-overlay\"><\/div>\n\t\t\t\t\t\t\t<div class=\"elementor-container elementor-column-gap-default\">\n\t\t\t\t\t<div class=\"elementor-column elementor-col-100 elementor-top-column elementor-element elementor-element-775d959\" data-id=\"775d959\" data-element_type=\"column\">\n\t\t\t<div class=\"elementor-widget-wrap elementor-element-populated\">\n\t\t\t\t\t\t<div class=\"elementor-element elementor-element-956e5cb elementor-widget elementor-widget-hfe-breadcrumbs-widget\" data-id=\"956e5cb\" data-element_type=\"widget\" data-widget_type=\"hfe-breadcrumbs-widget.default\">\n\t\t\t\t<div class=\"elementor-widget-container\">\n\t\t\t<ul class=\"hfe-breadcrumbs hfe-breadcrumbs-show-home\"><li class=\"hfe-breadcrumbs-item hfe-breadcrumbs-first\"><span class=\"hfe-breadcrumbs-home-icon\"><i aria-hidden=\"true\" class=\"fas fa-home\"><\/i><\/span><a href=\"https:\/\/dabuka.com\/de\/\"><span class=\"hfe-breadcrumbs-text\">Home<\/span><\/a><\/li><\/ul>\t\t<\/div>\n\t\t\t\t<\/div>\n\t\t\t\t<section class=\"elementor-section elementor-inner-section elementor-element elementor-element-22d52a9 elementor-section-boxed elementor-section-height-default elementor-section-height-default\" data-id=\"22d52a9\" data-element_type=\"section\">\n\t\t\t\t\t\t<div class=\"elementor-container elementor-column-gap-default\">\n\t\t\t\t\t<div class=\"elementor-column elementor-col-33 elementor-inner-column elementor-element elementor-element-9145498\" data-id=\"9145498\" data-element_type=\"column\">\n\t\t\t<div class=\"elementor-widget-wrap elementor-element-populated\">\n\t\t\t\t\t\t<div class=\"elementor-element elementor-element-6d3ee6c elementor-widget elementor-widget-heading\" data-id=\"6d3ee6c\" data-element_type=\"widget\" data-widget_type=\"heading.default\">\n\t\t\t\t<div class=\"elementor-widget-container\">\n\t\t\t<h2 class=\"elementor-heading-title elementor-size-default\">Unsere \n\n<span style=\"color:#d99632;\">Mission <\/span> \n<\/h2>\t\t<\/div>\n\t\t\t\t<\/div>\n\t\t\t\t<div class=\"elementor-element elementor-element-fbf4481 elementor-widget elementor-widget-text-editor\" data-id=\"fbf4481\" data-element_type=\"widget\" data-widget_type=\"text-editor.default\">\n\t\t\t\t<div class=\"elementor-widget-container\">\n\t\t\t\t\t\t\t<p>Unser Ziel ist es, Reisen zu gestalten und Urlaubstr\u00e4ume zu verwirklichen \u2013 durch unser Engagement f\u00fcr pers\u00f6nlichen, inspirierenden Service mit nachhaltiger Wirkung.<\/p>\n<p><strong>Wir sind ein leistungsstarkes Unternehmen, das: <\/strong><\/p>\n\t\t\t\t\t\t<\/div>\n\t\t\t\t<\/div>\n\t\t\t\t<div class=\"elementor-element elementor-element-a41afc3 elementor-align-left elementor-icon-list--layout-traditional elementor-list-item-link-full_width elementor-widget elementor-widget-icon-list\" data-id=\"a41afc3\" data-element_type=\"widget\" data-widget_type=\"icon-list.default\">\n\t\t\t\t<div class=\"elementor-widget-container\">\n\t\t\t\t\t<ul class=\"elementor-icon-list-items\">\n\t\t\t\t\t\t\t<li class=\"elementor-icon-list-item\">\n\t\t\t\t\t\t\t\t\t\t\t<span class=\"elementor-icon-list-icon\">\n\t\t\t\t\t\t\t<i aria-hidden=\"true\" class=\"fas fa-chevron-right\"><\/i>\t\t\t\t\t\t<\/span>\n\t\t\t\t\t\t\t\t\t\t<span class=\"elementor-icon-list-text\">Kund:innen anzieht und ihre Erwartungen \u00fcbertrifft, <\/span>\n\t\t\t\t\t\t\t\t\t<\/li>\n\t\t\t\t\t\t\t\t<li class=\"elementor-icon-list-item\">\n\t\t\t\t\t\t\t\t\t\t\t<span class=\"elementor-icon-list-icon\">\n\t\t\t\t\t\t\t<i aria-hidden=\"true\" class=\"fas fa-chevron-right\"><\/i>\t\t\t\t\t\t<\/span>\n\t\t\t\t\t\t\t\t\t\t<span class=\"elementor-icon-list-text\">Ein bereicherndes, erf\u00fcllendes und lohnendes Arbeitsumfeld f\u00fcr Mitarbeitende schafft, <\/span>\n\t\t\t\t\t\t\t\t\t<\/li>\n\t\t\t\t\t\t\t\t<li class=\"elementor-icon-list-item\">\n\t\t\t\t\t\t\t\t\t\t\t<span class=\"elementor-icon-list-icon\">\n\t\t\t\t\t\t\t<i aria-hidden=\"true\" class=\"fas fa-chevron-right\"><\/i>\t\t\t\t\t\t<\/span>\n\t\t\t\t\t\t\t\t\t\t<span class=\"elementor-icon-list-text\">Langfristige Beziehungen zu unseren Partnern und Lieferanten wertsch\u00e4tzt, <\/span>\n\t\t\t\t\t\t\t\t\t<\/li>\n\t\t\t\t\t\t\t\t<li class=\"elementor-icon-list-item\">\n\t\t\t\t\t\t\t\t\t\t\t<span class=\"elementor-icon-list-icon\">\n\t\t\t\t\t\t\t<i aria-hidden=\"true\" class=\"fas fa-chevron-right\"><\/i>\t\t\t\t\t\t<\/span>\n\t\t\t\t\t\t\t\t\t\t<span class=\"elementor-icon-list-text\">Der Gemeinschaft dient und sie unterst\u00fctzt. <\/span>\n\t\t\t\t\t\t\t\t\t<\/li>\n\t\t\t\t\t\t<\/ul>\n\t\t\t\t<\/div>\n\t\t\t\t<\/div>\n\t\t\t\t\t<\/div>\n\t\t<\/div>\n\t\t\t\t<div class=\"elementor-column elementor-col-33 elementor-inner-column elementor-element elementor-element-4f5fe74\" data-id=\"4f5fe74\" data-element_type=\"column\">\n\t\t\t<div class=\"elementor-widget-wrap elementor-element-populated\">\n\t\t\t\t\t\t<div class=\"elementor-element elementor-element-d536332 elementor-widget elementor-widget-image\" data-id=\"d536332\" data-element_type=\"widget\" data-widget_type=\"image.default\">\n\t\t\t\t<div class=\"elementor-widget-container\">\n\t\t\t\t\t\t\t\t\t\t\t\t\t<img fetchpriority=\"high\" decoding=\"async\" width=\"800\" height=\"600\" src=\"https:\/\/dabuka.com\/wp-content\/uploads\/2025\/05\/Mission.34jpg-1-1024x768.webp\" class=\"attachment-large size-large wp-image-30653\" alt=\"\u00dcbereinandergelegte H\u00e4nde als Symbol f\u00fcr Teamarbeit und Zusammenhalt\" srcset=\"https:\/\/dabuka.com\/wp-content\/uploads\/2025\/05\/Mission.34jpg-1-1024x768.webp 1024w, https:\/\/dabuka.com\/wp-content\/uploads\/2025\/05\/Mission.34jpg-1-300x225.webp 300w, https:\/\/dabuka.com\/wp-content\/uploads\/2025\/05\/Mission.34jpg-1-768x576.webp 768w, https:\/\/dabuka.com\/wp-content\/uploads\/2025\/05\/Mission.34jpg-1-1536x1152.webp 1536w, https:\/\/dabuka.com\/wp-content\/uploads\/2025\/05\/Mission.34jpg-1.webp 2000w\" sizes=\"(max-width: 800px) 100vw, 800px\" \/>\t\t\t\t\t\t\t\t\t\t\t\t\t<\/div>\n\t\t\t\t<\/div>\n\t\t\t\t\t<\/div>\n\t\t<\/div>\n\t\t\t\t<div class=\"elementor-column elementor-col-33 elementor-inner-column elementor-element elementor-element-8b8efd0\" data-id=\"8b8efd0\" data-element_type=\"column\">\n\t\t\t<div class=\"elementor-widget-wrap elementor-element-populated\">\n\t\t\t\t\t\t<div class=\"elementor-element elementor-element-b3bcbaa elementor-widget elementor-widget-image\" data-id=\"b3bcbaa\" data-element_type=\"widget\" data-widget_type=\"image.default\">\n\t\t\t\t<div class=\"elementor-widget-container\">\n\t\t\t\t\t\t\t\t\t\t\t\t\t<img decoding=\"async\" width=\"932\" height=\"699\" src=\"https:\/\/dabuka.com\/wp-content\/uploads\/2025\/04\/visionjpeg.jpg-34.jpg\" class=\"attachment-full size-full wp-image-30574\" alt=\"Dorothee und Tarek beim Fr\u00fchst\u00fcck in einem traditionellen nubischen Haus auf Heissa Island vor einem bunt gedeckten Tisch\" srcset=\"https:\/\/dabuka.com\/wp-content\/uploads\/2025\/04\/visionjpeg.jpg-34.jpg 932w, https:\/\/dabuka.com\/wp-content\/uploads\/2025\/04\/visionjpeg.jpg-34-300x225.jpg 300w, https:\/\/dabuka.com\/wp-content\/uploads\/2025\/04\/visionjpeg.jpg-34-768x576.jpg 768w\" sizes=\"(max-width: 932px) 100vw, 932px\" \/>\t\t\t\t\t\t\t\t\t\t\t\t\t<\/div>\n\t\t\t\t<\/div>\n\t\t\t\t\t<\/div>\n\t\t<\/div>\n\t\t\t\t\t<\/div>\n\t\t<\/section>\n\t\t\t\t<section class=\"elementor-section elementor-inner-section elementor-element elementor-element-6b6371e elementor-reverse-mobile elementor-section-boxed elementor-section-height-default elementor-section-height-default\" data-id=\"6b6371e\" data-element_type=\"section\">\n\t\t\t\t\t\t<div class=\"elementor-container elementor-column-gap-default\">\n\t\t\t\t\t<div class=\"elementor-column elementor-col-33 elementor-inner-column elementor-element elementor-element-add8a3e\" data-id=\"add8a3e\" data-element_type=\"column\">\n\t\t\t<div class=\"elementor-widget-wrap elementor-element-populated\">\n\t\t\t\t\t\t<div class=\"elementor-element elementor-element-1cb66b1 elementor-widget elementor-widget-image\" data-id=\"1cb66b1\" data-element_type=\"widget\" data-widget_type=\"image.default\">\n\t\t\t\t<div class=\"elementor-widget-container\">\n\t\t\t\t\t\t\t\t\t\t\t\t\t<img decoding=\"async\" width=\"500\" height=\"600\" src=\"https:\/\/dabuka.com\/wp-content\/uploads\/2024\/09\/dabuka-4.jpg\" class=\"attachment-large size-large wp-image-30877\" alt=\"Junger Mann sitzt am Bug der Dabuka Blue und beobachtet den Sonnenuntergang \u00fcber dem Nassersee\" srcset=\"https:\/\/dabuka.com\/wp-content\/uploads\/2024\/09\/dabuka-4.jpg 500w, https:\/\/dabuka.com\/wp-content\/uploads\/2024\/09\/dabuka-4-360x432.jpg 360w, https:\/\/dabuka.com\/wp-content\/uploads\/2024\/09\/dabuka-4-250x300.jpg 250w, https:\/\/dabuka.com\/wp-content\/uploads\/2024\/09\/dabuka-4-440x528.jpg 440w\" sizes=\"(max-width: 500px) 100vw, 500px\" \/>\t\t\t\t\t\t\t\t\t\t\t\t\t<\/div>\n\t\t\t\t<\/div>\n\t\t\t\t\t<\/div>\n\t\t<\/div>\n\t\t\t\t<div class=\"elementor-column elementor-col-33 elementor-inner-column elementor-element elementor-element-41cf33e\" data-id=\"41cf33e\" data-element_type=\"column\">\n\t\t\t<div class=\"elementor-widget-wrap elementor-element-populated\">\n\t\t\t\t\t\t<div class=\"elementor-element elementor-element-5dd4ce0 elementor-widget elementor-widget-image\" data-id=\"5dd4ce0\" data-element_type=\"widget\" data-widget_type=\"image.default\">\n\t\t\t\t<div class=\"elementor-widget-container\">\n\t\t\t\t\t\t\t\t\t\t\t\t\t<img loading=\"lazy\" decoding=\"async\" width=\"2000\" height=\"1500\" src=\"https:\/\/dabuka.com\/wp-content\/uploads\/2025\/05\/Bildshop34-1.webp\" class=\"attachment-full size-full wp-image-30646\" alt=\"Belebter Markt in einer engen Gasse mit vielen Menschen und farbenfrohen Auslagen\" srcset=\"https:\/\/dabuka.com\/wp-content\/uploads\/2025\/05\/Bildshop34-1.webp 2000w, https:\/\/dabuka.com\/wp-content\/uploads\/2025\/05\/Bildshop34-1-300x225.webp 300w, https:\/\/dabuka.com\/wp-content\/uploads\/2025\/05\/Bildshop34-1-1024x768.webp 1024w, https:\/\/dabuka.com\/wp-content\/uploads\/2025\/05\/Bildshop34-1-768x576.webp 768w, https:\/\/dabuka.com\/wp-content\/uploads\/2025\/05\/Bildshop34-1-1536x1152.webp 1536w\" sizes=\"(max-width: 2000px) 100vw, 2000px\" \/>\t\t\t\t\t\t\t\t\t\t\t\t\t<\/div>\n\t\t\t\t<\/div>\n\t\t\t\t\t<\/div>\n\t\t<\/div>\n\t\t\t\t<div class=\"elementor-column elementor-col-33 elementor-inner-column elementor-element elementor-element-a0134f8\" data-id=\"a0134f8\" data-element_type=\"column\">\n\t\t\t<div class=\"elementor-widget-wrap elementor-element-populated\">\n\t\t\t\t\t\t<div class=\"elementor-element elementor-element-ca277c9 elementor-widget elementor-widget-heading\" data-id=\"ca277c9\" data-element_type=\"widget\" data-widget_type=\"heading.default\">\n\t\t\t\t<div class=\"elementor-widget-container\">\n\t\t\t<h2 class=\"elementor-heading-title elementor-size-default\">Unsere\n\n<span style=\"color:#d99632;\">Vision<\/span>\n<\/h2>\t\t<\/div>\n\t\t\t\t<\/div>\n\t\t\t\t<div class=\"elementor-element elementor-element-8670431 elementor-widget elementor-widget-text-editor\" data-id=\"8670431\" data-element_type=\"widget\" data-widget_type=\"text-editor.default\">\n\t\t\t\t<div class=\"elementor-widget-container\">\n\t\t\t\t\t\t\t<p>Dabuka Travel verfolgt die Vision, die erste Wahl f\u00fcr alle zu sein, die Reisen nach Afrika und in den Nahen Osten planen. Wir m\u00f6chten unseren Kund:innen herausragenden Service bieten \u2013 mit einem klaren Bekenntnis zur nachhaltigen Entwicklung. Jede Reiseanfrage und jedes Arrangement bearbeiten wir individuell, um ein unvergessliches und angenehmes Erlebnis zu erm\u00f6glichen. <\/p>\n\t\t\t\t\t\t<\/div>\n\t\t\t\t<\/div>\n\t\t\t\t\t<\/div>\n\t\t<\/div>\n\t\t\t\t\t<\/div>\n\t\t<\/section>\n\t\t\t\t\t<\/div>\n\t\t<\/div>\n\t\t\t\t\t<\/div>\n\t\t<\/section>\n\t\t\t\t<\/div>\n\t\t","protected":false},"excerpt":{"rendered":"<p>Vision &amp; Mission Home Unsere Mission Unser Ziel ist es, Reisen zu gestalten und Urlaubstr\u00e4ume zu verwirklichen \u2013 durch unser Engagement f\u00fcr pers\u00f6nlichen, inspirierenden Service mit nachhaltiger Wirkung. Wir sind ein leistungsstarkes Unternehmen, das: Kund:innen anzieht und ihre Erwartungen \u00fcbertrifft, Ein bereicherndes, erf\u00fcllendes und lohnendes Arbeitsumfeld f\u00fcr Mitarbeitende schafft, Langfristige Beziehungen zu unseren Partnern und [&hellip;]<\/p>\n","protected":false},"author":1,"featured_media":30417,"parent":0,"menu_order":0,"comment_status":"closed","ping_status":"closed","template":"elementor_header_footer","meta":{"footnotes":""},"class_list":["post-30867","page","type-page","status-publish","has-post-thumbnail","hentry"],"yoast_head":"<!-- This site is optimized with the Yoast SEO Premium plugin v25.5 (Yoast SEO v25.5) - https:\/\/yoast.com\/wordpress\/plugins\/seo\/ -->\n<title>Vision &amp; Mission -<\/title>\n<meta name=\"description\" content=\"Erfahren Sie mehr \u00fcber Dabuka Travels Engagement f\u00fcr nachhaltige Entwicklung und exzellenten Service in Afrika und dem Nahen Osten.\" \/>\n<meta name=\"robots\" content=\"index, follow, max-snippet:-1, max-image-preview:large, max-video-preview:-1\" \/>\n<link rel=\"canonical\" href=\"https:\/\/dabuka.com\/de\/vision-mission-2\/\" \/>\n<meta property=\"og:locale\" content=\"de_DE\" \/>\n<meta property=\"og:type\" content=\"article\" \/>\n<meta property=\"og:title\" content=\"Vision &amp; Mission\" \/>\n<meta property=\"og:description\" content=\"Erfahren Sie mehr \u00fcber Dabuka Travels Engagement f\u00fcr nachhaltige Entwicklung und exzellenten Service in Afrika und dem Nahen Osten.\" \/>\n<meta property=\"og:url\" content=\"https:\/\/dabuka.com\/de\/vision-mission-2\/\" \/>\n<meta property=\"article:modified_time\" content=\"2025-09-09T11:22:01+00:00\" \/>\n<meta property=\"og:image\" content=\"https:\/\/dabuka.com\/wp-content\/uploads\/2025\/04\/Titelvisionmission.jpg-pa.webp\" \/>\n\t<meta property=\"og:image:width\" content=\"1080\" \/>\n\t<meta property=\"og:image:height\" content=\"600\" \/>\n\t<meta property=\"og:image:type\" content=\"image\/webp\" \/>\n<meta name=\"twitter:card\" content=\"summary_large_image\" \/>\n<meta name=\"twitter:label1\" content=\"Gesch\u00e4tzte Lesezeit\" \/>\n\t<meta name=\"twitter:data1\" content=\"2\u00a0Minuten\" \/>\n<script type=\"application\/ld+json\" class=\"yoast-schema-graph\">{\"@context\":\"https:\/\/schema.org\",\"@graph\":[{\"@type\":\"WebPage\",\"@id\":\"https:\/\/dabuka.com\/de\/vision-mission-2\/\",\"url\":\"https:\/\/dabuka.com\/de\/vision-mission-2\/\",\"name\":\"Vision &amp; Mission -\",\"isPartOf\":{\"@id\":\"https:\/\/dabuka.com\/#website\"},\"primaryImageOfPage\":{\"@id\":\"https:\/\/dabuka.com\/de\/vision-mission-2\/#primaryimage\"},\"image\":{\"@id\":\"https:\/\/dabuka.com\/de\/vision-mission-2\/#primaryimage\"},\"thumbnailUrl\":\"https:\/\/dabuka.com\/wp-content\/uploads\/2025\/04\/Titelvisionmission.jpg-pa.webp\",\"datePublished\":\"2023-09-10T11:03:13+00:00\",\"dateModified\":\"2025-09-09T11:22:01+00:00\",\"description\":\"Erfahren Sie mehr \u00fcber Dabuka Travels Engagement f\u00fcr nachhaltige Entwicklung und exzellenten Service in Afrika und dem Nahen Osten.\",\"breadcrumb\":{\"@id\":\"https:\/\/dabuka.com\/de\/vision-mission-2\/#breadcrumb\"},\"inLanguage\":\"de\",\"potentialAction\":[{\"@type\":\"ReadAction\",\"target\":[\"https:\/\/dabuka.com\/de\/vision-mission-2\/\"]}]},{\"@type\":\"ImageObject\",\"inLanguage\":\"de\",\"@id\":\"https:\/\/dabuka.com\/de\/vision-mission-2\/#primaryimage\",\"url\":\"https:\/\/dabuka.com\/wp-content\/uploads\/2025\/04\/Titelvisionmission.jpg-pa.webp\",\"contentUrl\":\"https:\/\/dabuka.com\/wp-content\/uploads\/2025\/04\/Titelvisionmission.jpg-pa.webp\",\"width\":1080,\"height\":600,\"caption\":\"Von der Idee zum Abflug \u2013 die Vision hebt ab\"},{\"@type\":\"BreadcrumbList\",\"@id\":\"https:\/\/dabuka.com\/de\/vision-mission-2\/#breadcrumb\",\"itemListElement\":[{\"@type\":\"ListItem\",\"position\":1,\"name\":\"Dabuka\",\"item\":\"https:\/\/dabuka.com\/\"},{\"@type\":\"ListItem\",\"position\":2,\"name\":\"Vision &amp; Mission\"}]},{\"@type\":\"WebSite\",\"@id\":\"https:\/\/dabuka.com\/#website\",\"url\":\"https:\/\/dabuka.com\/\",\"name\":\"\",\"description\":\"Expert for travels to Africa and the Middle East since 1983.\",\"potentialAction\":[{\"@type\":\"SearchAction\",\"target\":{\"@type\":\"EntryPoint\",\"urlTemplate\":\"https:\/\/dabuka.com\/?s={search_term_string}\"},\"query-input\":{\"@type\":\"PropertyValueSpecification\",\"valueRequired\":true,\"valueName\":\"search_term_string\"}}],\"inLanguage\":\"de\"}]}<\/script>\n<!-- \/ Yoast SEO Premium plugin. -->","yoast_head_json":{"title":"Vision &amp; Mission -","description":"Erfahren Sie mehr \u00fcber Dabuka Travels Engagement f\u00fcr nachhaltige Entwicklung und exzellenten Service in Afrika und dem Nahen Osten.","robots":{"index":"index","follow":"follow","max-snippet":"max-snippet:-1","max-image-preview":"max-image-preview:large","max-video-preview":"max-video-preview:-1"},"canonical":"https:\/\/dabuka.com\/de\/vision-mission-2\/","og_locale":"de_DE","og_type":"article","og_title":"Vision &amp; Mission","og_description":"Erfahren Sie mehr \u00fcber Dabuka Travels Engagement f\u00fcr nachhaltige Entwicklung und exzellenten Service in Afrika und dem Nahen Osten.","og_url":"https:\/\/dabuka.com\/de\/vision-mission-2\/","article_modified_time":"2025-09-09T11:22:01+00:00","og_image":[{"width":1080,"height":600,"url":"https:\/\/dabuka.com\/wp-content\/uploads\/2025\/04\/Titelvisionmission.jpg-pa.webp","type":"image\/webp"}],"twitter_card":"summary_large_image","twitter_misc":{"Gesch\u00e4tzte Lesezeit":"2\u00a0Minuten"},"schema":{"@context":"https:\/\/schema.org","@graph":[{"@type":"WebPage","@id":"https:\/\/dabuka.com\/de\/vision-mission-2\/","url":"https:\/\/dabuka.com\/de\/vision-mission-2\/","name":"Vision &amp; Mission -","isPartOf":{"@id":"https:\/\/dabuka.com\/#website"},"primaryImageOfPage":{"@id":"https:\/\/dabuka.com\/de\/vision-mission-2\/#primaryimage"},"image":{"@id":"https:\/\/dabuka.com\/de\/vision-mission-2\/#primaryimage"},"thumbnailUrl":"https:\/\/dabuka.com\/wp-content\/uploads\/2025\/04\/Titelvisionmission.jpg-pa.webp","datePublished":"2023-09-10T11:03:13+00:00","dateModified":"2025-09-09T11:22:01+00:00","description":"Erfahren Sie mehr \u00fcber Dabuka Travels Engagement f\u00fcr nachhaltige Entwicklung und exzellenten Service in Afrika und dem Nahen Osten.","breadcrumb":{"@id":"https:\/\/dabuka.com\/de\/vision-mission-2\/#breadcrumb"},"inLanguage":"de","potentialAction":[{"@type":"ReadAction","target":["https:\/\/dabuka.com\/de\/vision-mission-2\/"]}]},{"@type":"ImageObject","inLanguage":"de","@id":"https:\/\/dabuka.com\/de\/vision-mission-2\/#primaryimage","url":"https:\/\/dabuka.com\/wp-content\/uploads\/2025\/04\/Titelvisionmission.jpg-pa.webp","contentUrl":"https:\/\/dabuka.com\/wp-content\/uploads\/2025\/04\/Titelvisionmission.jpg-pa.webp","width":1080,"height":600,"caption":"Von der Idee zum Abflug \u2013 die Vision hebt ab"},{"@type":"BreadcrumbList","@id":"https:\/\/dabuka.com\/de\/vision-mission-2\/#breadcrumb","itemListElement":[{"@type":"ListItem","position":1,"name":"Dabuka","item":"https:\/\/dabuka.com\/"},{"@type":"ListItem","position":2,"name":"Vision &amp; Mission"}]},{"@type":"WebSite","@id":"https:\/\/dabuka.com\/#website","url":"https:\/\/dabuka.com\/","name":"","description":"Expert for travels to Africa and the Middle East since 1983.","potentialAction":[{"@type":"SearchAction","target":{"@type":"EntryPoint","urlTemplate":"https:\/\/dabuka.com\/?s={search_term_string}"},"query-input":{"@type":"PropertyValueSpecification","valueRequired":true,"valueName":"search_term_string"}}],"inLanguage":"de"}]}},"_links":{"self":[{"href":"https:\/\/dabuka.com\/de\/wp-json\/wp\/v2\/pages\/30867","targetHints":{"allow":["GET"]}}],"collection":[{"href":"https:\/\/dabuka.com\/de\/wp-json\/wp\/v2\/pages"}],"about":[{"href":"https:\/\/dabuka.com\/de\/wp-json\/wp\/v2\/types\/page"}],"author":[{"embeddable":true,"href":"https:\/\/dabuka.com\/de\/wp-json\/wp\/v2\/users\/1"}],"replies":[{"embeddable":true,"href":"https:\/\/dabuka.com\/de\/wp-json\/wp\/v2\/comments?post=30867"}],"version-history":[{"count":4,"href":"https:\/\/dabuka.com\/de\/wp-json\/wp\/v2\/pages\/30867\/revisions"}],"predecessor-version":[{"id":34109,"href":"https:\/\/dabuka.com\/de\/wp-json\/wp\/v2\/pages\/30867\/revisions\/34109"}],"wp:featuredmedia":[{"embeddable":true,"href":"https:\/\/dabuka.com\/de\/wp-json\/wp\/v2\/media\/30417"}],"wp:attachment":[{"href":"https:\/\/dabuka.com\/de\/wp-json\/wp\/v2\/media?parent=30867"}],"curies":[{"name":"wp","href":"https:\/\/api.w.org\/{rel}","templated":true}]}}