{"id":30861,"date":"2024-09-16T12:07:14","date_gmt":"2024-09-16T12:07:14","guid":{"rendered":"https:\/\/dabuka.com\/travel-visions\/"},"modified":"2025-09-09T11:30:54","modified_gmt":"2025-09-09T11:30:54","slug":"reisemagazin-aegypten-dabuka-travel-visions-entdecken","status":"publish","type":"page","link":"https:\/\/dabuka.com\/de\/reisemagazin-aegypten-dabuka-travel-visions-entdecken\/","title":{"rendered":"Reisemagazin \u00c4gypten \u2013 Dabuka Travel Visions entdecken"},"content":{"rendered":"\t\t<div data-elementor-type=\"wp-page\" data-elementor-id=\"30861\" class=\"elementor elementor-30861 elementor-23487\">\n\t\t\t\t\t\t<section class=\"elementor-section elementor-top-section elementor-element elementor-element-ba648d1 elementor-section-full_width elementor-section-stretched elementor-section-content-bottom elementor-section-height-default elementor-section-height-default\" data-id=\"ba648d1\" data-element_type=\"section\" data-settings=\"{&quot;stretch_section&quot;:&quot;section-stretched&quot;,&quot;background_background&quot;:&quot;classic&quot;}\">\n\t\t\t\t\t\t\t<div class=\"elementor-background-overlay\"><\/div>\n\t\t\t\t\t\t\t<div class=\"elementor-container elementor-column-gap-default\">\n\t\t\t\t\t<div class=\"elementor-column elementor-col-100 elementor-top-column elementor-element elementor-element-ec00938\" data-id=\"ec00938\" data-element_type=\"column\">\n\t\t\t<div class=\"elementor-widget-wrap elementor-element-populated\">\n\t\t\t\t\t\t<section class=\"elementor-section elementor-inner-section elementor-element elementor-element-6a1c607 elementor-section-content-bottom elementor-section-boxed elementor-section-height-default elementor-section-height-default\" data-id=\"6a1c607\" data-element_type=\"section\">\n\t\t\t\t\t\t<div class=\"elementor-container elementor-column-gap-default\">\n\t\t\t\t\t<div class=\"elementor-column elementor-col-100 elementor-inner-column elementor-element elementor-element-002ab30\" data-id=\"002ab30\" data-element_type=\"column\">\n\t\t\t<div class=\"elementor-widget-wrap elementor-element-populated\">\n\t\t\t\t\t\t\t<\/div>\n\t\t<\/div>\n\t\t\t\t\t<\/div>\n\t\t<\/section>\n\t\t\t\t\t<\/div>\n\t\t<\/div>\n\t\t\t\t\t<\/div>\n\t\t<\/section>\n\t\t\t\t<section class=\"elementor-section elementor-top-section elementor-element elementor-element-e50dd34 elementor-section-boxed elementor-section-height-default elementor-section-height-default\" data-id=\"e50dd34\" data-element_type=\"section\">\n\t\t\t\t\t\t<div class=\"elementor-container elementor-column-gap-default\">\n\t\t\t\t\t<div class=\"elementor-column elementor-col-100 elementor-top-column elementor-element elementor-element-53f9e18\" data-id=\"53f9e18\" data-element_type=\"column\">\n\t\t\t<div class=\"elementor-widget-wrap elementor-element-populated\">\n\t\t\t\t\t\t<div class=\"elementor-element elementor-element-a572d48 elementor-widget elementor-widget-hfe-breadcrumbs-widget\" data-id=\"a572d48\" data-element_type=\"widget\" data-widget_type=\"hfe-breadcrumbs-widget.default\">\n\t\t\t\t<div class=\"elementor-widget-container\">\n\t\t\t<ul class=\"hfe-breadcrumbs hfe-breadcrumbs-show-home\"><li class=\"hfe-breadcrumbs-item hfe-breadcrumbs-first\"><span class=\"hfe-breadcrumbs-home-icon\"><i aria-hidden=\"true\" class=\"fas fa-home\"><\/i><\/span><a href=\"https:\/\/dabuka.com\/de\/\"><span class=\"hfe-breadcrumbs-text\">Home<\/span><\/a><\/li><\/ul>\t\t<\/div>\n\t\t\t\t<\/div>\n\t\t\t\t<div class=\"elementor-element elementor-element-9da720e premium-blog-align-left elementor-widget elementor-widget-premium-addon-blog\" data-id=\"9da720e\" data-element_type=\"widget\" data-settings=\"{&quot;premium_blog_columns_number&quot;:&quot;33.33%&quot;,&quot;premium_blog_grid&quot;:&quot;yes&quot;,&quot;premium_blog_layout&quot;:&quot;even&quot;,&quot;premium_blog_columns_number_tablet&quot;:&quot;50%&quot;,&quot;premium_blog_columns_number_mobile&quot;:&quot;100%&quot;}\" data-widget_type=\"premium-addon-blog.default\">\n\t\t\t\t<div class=\"elementor-widget-container\">\n\t\t\t\n\t\t\t\t<div class=\"premium-blog-wrap  premium-blog-even\" data-page=\"30861\">\n\t\t\t\t\t<div class=\"premium-blog-post-outer-container\" data-total=\"1\">\r\n\t\t\t<div class=\"premium-blog-post-container premium-blog-skin-banner\">\r\n\t\t\t\t\t\t\t\t\t<div class=\"premium-blog-thumb-effect-wrapper\">\r\n\t\t\t\t\t\t<div class=\"premium-blog-thumbnail-container premium-blog-gray-effect\">\r\n\t\t\t\t\t\t\t<img decoding=\"async\" src=\"https:\/\/dabuka.com\/wp-content\/uploads\/elementor\/thumbs\/Screenshot-2026-02-22-154455-rjj5u0w4c6v6i3ddv3riwhjsoxp6mgox8qc018bumg.png\" title=\"Screenshot 2026-02-22 154455\" alt=\"Screenshot 2026-02-22 154455\" loading=\"lazy\" \/>\t\t\t\t\t\t<\/div>\r\n\t\t\t\t\t\t\t\t\t\t\t\t\t<div class=\"premium-blog-thumbnail-overlay\">\r\n\t\t\t\t\t\t\t\t<a class=\"elementor-icon\" href=\"https:\/\/dabuka.com\/de\/dabuka-travel-magazine-issue-12\/\" target=\"_self\" aria-hidden=\"true\"><span>Dabuka Travel Magazine \u2013 Issue #12<\/span><\/a>\r\n\t\t\t\t\t\t\t<\/div>\r\n\r\n\t\t\t\t\t\t\t\t\t\t\t\t\t\t\t\t\t\t<\/div>\r\n\t\t\t\t\t\t\t\t\t\t\t\t<div class=\"premium-blog-content-wrapper \">\r\n\r\n\t\t\t\t\t<div class=\"premium-blog-inner-container\">\r\n\r\n\t\t\t\t\t\t\t\t\t\t\t\t\t\t<h2 class=\"premium-blog-entry-title\">\r\n\t\t\t<a href=\"https:\/\/dabuka.com\/de\/dabuka-travel-magazine-issue-12\/\" target=\"_self\">\r\n\t\t\t\tDabuka Travel Magazine \u2013 Issue #12\t\t\t<\/a>\r\n\t\t<\/h2>\r\n\t\t\t\t<div class=\"premium-blog-entry-meta\">\r\n\t\t\t\r\n\t\t\t\t\t\t\t<span class=\"premium-blog-meta-separator\">\u2022<\/span>\r\n\t\t\t\t<div class=\"premium-blog-post-time premium-blog-meta-data\">\r\n\t\t\t\t\t<i class=\"fa fa-calendar-alt\" aria-hidden=\"true\"><\/i>\r\n\t\t\t\t\t<span>Februar 22, 2026<\/span>\r\n\t\t\t\t<\/div>\r\n\t\t\t\r\n\t\t\t\r\n\t\t\t\t\t<\/div>\r\n\t\t\r\n\t\t\t\t\t<\/div>\r\n\r\n\t\t\t\t\t\t\t\t\t\t\r\n\t\t\t\t<\/div>\r\n\t\t\t<\/div>\r\n\t\t<\/div>\r\n\r\n\t\t\t\t<div class=\"premium-blog-post-outer-container\" data-total=\"1\">\r\n\t\t\t<div class=\"premium-blog-post-container premium-blog-skin-banner\">\r\n\t\t\t\t\t\t\t\t\t<div class=\"premium-blog-thumb-effect-wrapper\">\r\n\t\t\t\t\t\t<div class=\"premium-blog-thumbnail-container premium-blog-gray-effect\">\r\n\t\t\t\t\t\t\t<img decoding=\"async\" src=\"https:\/\/dabuka.com\/wp-content\/uploads\/elementor\/thumbs\/image-1-rf1eidm1zzzsdynl5pp9otlgb6u0v6trgthknp4fd4.png\" title=\"image\" alt=\"image\" loading=\"lazy\" \/>\t\t\t\t\t\t<\/div>\r\n\t\t\t\t\t\t\t\t\t\t\t\t\t<div class=\"premium-blog-thumbnail-overlay\">\r\n\t\t\t\t\t\t\t\t<a class=\"elementor-icon\" href=\"https:\/\/dabuka.com\/de\/dabuka-travel-magazine-issue-3\/\" target=\"_self\" aria-hidden=\"true\"><span>Dabuka Travel Magazine \u2013 Issue #11<\/span><\/a>\r\n\t\t\t\t\t\t\t<\/div>\r\n\r\n\t\t\t\t\t\t\t\t\t\t\t\t\t\t\t\t\t\t<\/div>\r\n\t\t\t\t\t\t\t\t\t\t\t\t<div class=\"premium-blog-content-wrapper \">\r\n\r\n\t\t\t\t\t<div class=\"premium-blog-inner-container\">\r\n\r\n\t\t\t\t\t\t\t\t\t\t\t\t\t\t<h2 class=\"premium-blog-entry-title\">\r\n\t\t\t<a href=\"https:\/\/dabuka.com\/de\/dabuka-travel-magazine-issue-3\/\" target=\"_self\">\r\n\t\t\t\tDabuka Travel Magazine \u2013 Issue #11\t\t\t<\/a>\r\n\t\t<\/h2>\r\n\t\t\t\t<div class=\"premium-blog-entry-meta\">\r\n\t\t\t\r\n\t\t\t\t\t\t\t<span class=\"premium-blog-meta-separator\">\u2022<\/span>\r\n\t\t\t\t<div class=\"premium-blog-post-time premium-blog-meta-data\">\r\n\t\t\t\t\t<i class=\"fa fa-calendar-alt\" aria-hidden=\"true\"><\/i>\r\n\t\t\t\t\t<span>November 21, 2025<\/span>\r\n\t\t\t\t<\/div>\r\n\t\t\t\r\n\t\t\t\r\n\t\t\t\t\t<\/div>\r\n\t\t\r\n\t\t\t\t\t<\/div>\r\n\r\n\t\t\t\t\t\t\t\t\t\t\r\n\t\t\t\t<\/div>\r\n\t\t\t<\/div>\r\n\t\t<\/div>\r\n\r\n\t\t\t\t<div class=\"premium-blog-post-outer-container\" data-total=\"1\">\r\n\t\t\t<div class=\"premium-blog-post-container premium-blog-skin-banner\">\r\n\t\t\t\t\t\t\t\t\t<div class=\"premium-blog-thumb-effect-wrapper\">\r\n\t\t\t\t\t\t<div class=\"premium-blog-thumbnail-container premium-blog-gray-effect\">\r\n\t\t\t\t\t\t\t<img decoding=\"async\" src=\"https:\/\/dabuka.com\/wp-content\/uploads\/elementor\/thumbs\/Screenshot-2025-08-09-232235-ra0q5n4td12q68dm16d34gigzzku66tfwl08m3ncug.png\" title=\"Screenshot 2025-08-09 232235\" alt=\"Screenshot 2025-08-09 232235\" loading=\"lazy\" \/>\t\t\t\t\t\t<\/div>\r\n\t\t\t\t\t\t\t\t\t\t\t\t\t<div class=\"premium-blog-thumbnail-overlay\">\r\n\t\t\t\t\t\t\t\t<a class=\"elementor-icon\" href=\"https:\/\/dabuka.com\/de\/reisemagazin-august-november-2025\/\" target=\"_self\" aria-hidden=\"true\"><span>Dabuka Travel Magazine \u2013 Issue #2<\/span><\/a>\r\n\t\t\t\t\t\t\t<\/div>\r\n\r\n\t\t\t\t\t\t\t\t\t\t\t\t\t\t\t\t\t\t<\/div>\r\n\t\t\t\t\t\t\t\t\t\t\t\t<div class=\"premium-blog-content-wrapper \">\r\n\r\n\t\t\t\t\t<div class=\"premium-blog-inner-container\">\r\n\r\n\t\t\t\t\t\t\t\t\t\t\t\t\t\t<h2 class=\"premium-blog-entry-title\">\r\n\t\t\t<a href=\"https:\/\/dabuka.com\/de\/reisemagazin-august-november-2025\/\" target=\"_self\">\r\n\t\t\t\tDabuka Travel Magazine \u2013 Issue #2\t\t\t<\/a>\r\n\t\t<\/h2>\r\n\t\t\t\t<div class=\"premium-blog-entry-meta\">\r\n\t\t\t\r\n\t\t\t\t\t\t\t<span class=\"premium-blog-meta-separator\">\u2022<\/span>\r\n\t\t\t\t<div class=\"premium-blog-post-time premium-blog-meta-data\">\r\n\t\t\t\t\t<i class=\"fa fa-calendar-alt\" aria-hidden=\"true\"><\/i>\r\n\t\t\t\t\t<span>August 9, 2025<\/span>\r\n\t\t\t\t<\/div>\r\n\t\t\t\r\n\t\t\t\r\n\t\t\t\t\t<\/div>\r\n\t\t\r\n\t\t\t\t\t<\/div>\r\n\r\n\t\t\t\t\t\t\t\t\t\t\r\n\t\t\t\t<\/div>\r\n\t\t\t<\/div>\r\n\t\t<\/div>\r\n\r\n\t\t\t\t<div class=\"premium-blog-post-outer-container\" data-total=\"1\">\r\n\t\t\t<div class=\"premium-blog-post-container premium-blog-skin-banner\">\r\n\t\t\t\t\t\t\t\t\t<div class=\"premium-blog-thumb-effect-wrapper\">\r\n\t\t\t\t\t\t<div class=\"premium-blog-thumbnail-container premium-blog-gray-effect\">\r\n\t\t\t\t\t\t\t<img decoding=\"async\" src=\"https:\/\/dabuka.com\/wp-content\/uploads\/elementor\/thumbs\/Screenshot-2025-07-14-070523-r8qado4e6br5siyf5tna56a750pvuvm9pkr8ih0w5k.png\" title=\"Screenshot 2025-07-14 070523\" alt=\"Screenshot 2025-07-14 070523\" loading=\"lazy\" \/>\t\t\t\t\t\t<\/div>\r\n\t\t\t\t\t\t\t\t\t\t\t\t\t<div class=\"premium-blog-thumbnail-overlay\">\r\n\t\t\t\t\t\t\t\t<a class=\"elementor-icon\" href=\"https:\/\/dabuka.com\/de\/reisemagazin-mai-juli-2025\/\" target=\"_self\" aria-hidden=\"true\"><span>Dabuka Travel Magazine &#8211; Issue #1<\/span><\/a>\r\n\t\t\t\t\t\t\t<\/div>\r\n\r\n\t\t\t\t\t\t\t\t\t\t\t\t\t\t\t\t\t\t<\/div>\r\n\t\t\t\t\t\t\t\t\t\t\t\t<div class=\"premium-blog-content-wrapper \">\r\n\r\n\t\t\t\t\t<div class=\"premium-blog-inner-container\">\r\n\r\n\t\t\t\t\t\t\t\t\t\t\t\t\t\t<h2 class=\"premium-blog-entry-title\">\r\n\t\t\t<a href=\"https:\/\/dabuka.com\/de\/reisemagazin-mai-juli-2025\/\" target=\"_self\">\r\n\t\t\t\tDabuka Travel Magazine &#8211; Issue #1\t\t\t<\/a>\r\n\t\t<\/h2>\r\n\t\t\t\t<div class=\"premium-blog-entry-meta\">\r\n\t\t\t\r\n\t\t\t\t\t\t\t<span class=\"premium-blog-meta-separator\">\u2022<\/span>\r\n\t\t\t\t<div class=\"premium-blog-post-time premium-blog-meta-data\">\r\n\t\t\t\t\t<i class=\"fa fa-calendar-alt\" aria-hidden=\"true\"><\/i>\r\n\t\t\t\t\t<span>Juli 14, 2025<\/span>\r\n\t\t\t\t<\/div>\r\n\t\t\t\r\n\t\t\t\r\n\t\t\t\t\t<\/div>\r\n\t\t\r\n\t\t\t\t\t<\/div>\r\n\r\n\t\t\t\t\t\t\t\t\t\t\r\n\t\t\t\t<\/div>\r\n\t\t\t<\/div>\r\n\t\t<\/div>\r\n\r\n\t\t\t\t<\/div>\n\n\t\t\t\t<\/div>\n\t\t\t\t<\/div>\n\t\t\t\t\t<\/div>\n\t\t<\/div>\n\t\t\t\t\t<\/div>\n\t\t<\/section>\n\t\t<div class=\"elementor-element elementor-element-7abe26e e-flex e-con-boxed e-con e-parent\" data-id=\"7abe26e\" data-element_type=\"container\">\n\t\t\t\t\t<div class=\"e-con-inner\">\n\t\t\t\t<div class=\"elementor-element elementor-element-689e8a2 elementor-widget elementor-widget-heading\" data-id=\"689e8a2\" data-element_type=\"widget\" data-widget_type=\"heading.default\">\n\t\t\t\t<div class=\"elementor-widget-container\">\n\t\t\t<h2 class=\"elementor-heading-title elementor-size-default\">Dabuka Travel Visions \u2013 Das Reisemagazin mit Tiefgang<\/h2>\t\t<\/div>\n\t\t\t\t<\/div>\n\t\t\t\t<div class=\"elementor-element elementor-element-4ce6052 elementor-widget elementor-widget-text-editor\" data-id=\"4ce6052\" data-element_type=\"widget\" data-widget_type=\"text-editor.default\">\n\t\t\t\t<div class=\"elementor-widget-container\">\n\t\t\t\t\t\t\t<h3 data-start=\"119\" data-end=\"195\">Reisemagazin \u00c4gypten: Dabuka Travel Visions mit tiefgr\u00fcndigen Einblicken<\/h3><p data-start=\"197\" data-end=\"511\">Reisemagazin \u00c4gypten: Das <em data-start=\"201\" data-end=\"232\">Dabuka Travel Visions Magazin<\/em> ist nicht einfach ein gew\u00f6hnliches Magazin.\u00a0 Es l\u00e4dt ein, das Land mit all seinen Facetten, Kulturen und Geschichten intensiv zu erleben. Authentische Berichte und pers\u00f6nliche Begegnungen schaffen eine Verbindung, die weit \u00fcber touristische Klischees hinausgeht.<\/p><h3 data-start=\"513\" data-end=\"576\">Menschen und Kulturen hautnah erleben<\/h3><p data-start=\"578\" data-end=\"912\">In unserer Zeitschrift bringen wir Sie mit koptischen Handwerkern, nubischen Gastgebern und Arch\u00e4ologen zusammen. Diese authentischen Begegnungen geben Einblick in das lebendige \u00c4gypten zwischen Vergangenheit und Gegenwart. So entstehen pers\u00f6nliche Geschichten, die das Reisen zu einem echten kulturellen Erlebnis machen.<\/p><h3 data-start=\"914\" data-end=\"991\">Einzigartige Reiserouten abseits der Touristenpfade<\/h3><p data-start=\"993\" data-end=\"1319\">Dabuka Travel Visions pr\u00e4sentiert Ihnen au\u00dfergew\u00f6hnliche Routen, von der Wei\u00dfen W\u00fcste \u00fcber den Nassersee bis hin zu versteckten Sch\u00e4tzen in anderen L\u00e4ndern. Mit hochwertigen Bildern und fundierten Informationen inspiriert Dabuka Travel Visions Individualreisende und Kulturliebhaber, \u00c4gypten und die Welt bewusst und tiefgr\u00fcndig zu entdecken.<\/p><h3 data-start=\"1321\" data-end=\"1394\">Reisemagazin \u00c4gypten: Inspiration f\u00fcr bewusste und nachhaltige Reisen<\/h3><p data-start=\"1396\" data-end=\"1656\">Unser Magazin richtet sich an alle, die neugierig sind und mehr als nur Sehensw\u00fcrdigkeiten suchen. Es ist die perfekte Inspirationsquelle f\u00fcr Reisende, Veranstalter und Kulturinteressierte, die \u00c4gypten mit Respekt und Offenheit erleben wollen.<\/p><hr data-start=\"1658\" data-end=\"1661\" \/><p data-start=\"1663\" data-end=\"1767\" data-is-last-node=\"\" data-is-only-node=\"\">\u00a0<\/p>\t\t\t\t\t\t<\/div>\n\t\t\t\t<\/div>\n\t\t\t\t\t<\/div>\n\t\t\t\t<\/div>\n\t\t\t\t<\/div>\n\t\t","protected":false},"excerpt":{"rendered":"<p>Home Dabuka Travel Magazine \u2013 Issue #2 Dabuka Travel Magazine \u2013 Issue #2 \u2022 August 9, 2025 Dabuka Travel Magazine &#8211; Issue #1 Dabuka Travel Magazine &#8211; Issue #1 \u2022 July 14, 2025 Dabuka Travel Visions \u2013 Das Reisemagazin mit Tiefgang Reisemagazin \u00c4gypten: Dabuka Travel Visions mit tiefgr\u00fcndigen Einblicken Reisemagazin \u00c4gypten: Das Dabuka Travel Visions [&hellip;]<\/p>\n","protected":false},"author":1,"featured_media":32221,"parent":0,"menu_order":0,"comment_status":"open","ping_status":"open","template":"elementor_header_footer","meta":{"footnotes":""},"class_list":["post-30861","page","type-page","status-publish","has-post-thumbnail","hentry"],"yoast_head":"<!-- This site is optimized with the Yoast SEO Premium plugin v25.5 (Yoast SEO v25.5) - https:\/\/yoast.com\/wordpress\/plugins\/seo\/ -->\n<title>Reisemagazin \u00c4gypten \u2013 Dabuka Travel Visions entdecken -<\/title>\n<meta name=\"description\" content=\"Reisemagazin \u00c4gypten mit authentischen Geschichten, ungew\u00f6hnlichen Reiserouten und echten Begegnungen. Wir inspirieren zum bewussten Reisen.\" \/>\n<meta name=\"robots\" content=\"index, follow, max-snippet:-1, max-image-preview:large, max-video-preview:-1\" \/>\n<link rel=\"canonical\" href=\"https:\/\/dabuka.com\/de\/reisemagazin-aegypten-dabuka-travel-visions-entdecken\/\" \/>\n<meta property=\"og:locale\" content=\"de_DE\" \/>\n<meta property=\"og:type\" content=\"article\" \/>\n<meta property=\"og:title\" content=\"Reisemagazin \u00c4gypten \u2013 Dabuka Travel Visions entdecken\" \/>\n<meta property=\"og:description\" content=\"Reisemagazin \u00c4gypten mit authentischen Geschichten, ungew\u00f6hnlichen Reiserouten und echten Begegnungen. Wir inspirieren zum bewussten Reisen.\" \/>\n<meta property=\"og:url\" content=\"https:\/\/dabuka.com\/de\/reisemagazin-aegypten-dabuka-travel-visions-entdecken\/\" \/>\n<meta property=\"article:modified_time\" content=\"2025-09-09T11:30:54+00:00\" \/>\n<meta property=\"og:image\" content=\"https:\/\/dabuka.com\/wp-content\/uploads\/2025\/06\/Titelbild-Magazin.jpg\" \/>\n\t<meta property=\"og:image:width\" content=\"1200\" \/>\n\t<meta property=\"og:image:height\" content=\"550\" \/>\n\t<meta property=\"og:image:type\" content=\"image\/jpeg\" \/>\n<meta name=\"twitter:card\" content=\"summary_large_image\" \/>\n<meta name=\"twitter:label1\" content=\"Gesch\u00e4tzte Lesezeit\" \/>\n\t<meta name=\"twitter:data1\" content=\"2\u00a0Minuten\" \/>\n<script type=\"application\/ld+json\" class=\"yoast-schema-graph\">{\"@context\":\"https:\/\/schema.org\",\"@graph\":[{\"@type\":\"WebPage\",\"@id\":\"https:\/\/dabuka.com\/de\/reisemagazin-aegypten-dabuka-travel-visions-entdecken\/\",\"url\":\"https:\/\/dabuka.com\/de\/reisemagazin-aegypten-dabuka-travel-visions-entdecken\/\",\"name\":\"Reisemagazin \u00c4gypten \u2013 Dabuka Travel Visions entdecken -\",\"isPartOf\":{\"@id\":\"https:\/\/dabuka.com\/#website\"},\"primaryImageOfPage\":{\"@id\":\"https:\/\/dabuka.com\/de\/reisemagazin-aegypten-dabuka-travel-visions-entdecken\/#primaryimage\"},\"image\":{\"@id\":\"https:\/\/dabuka.com\/de\/reisemagazin-aegypten-dabuka-travel-visions-entdecken\/#primaryimage\"},\"thumbnailUrl\":\"https:\/\/dabuka.com\/wp-content\/uploads\/2025\/06\/Titelbild-Magazin.jpg\",\"datePublished\":\"2024-09-16T12:07:14+00:00\",\"dateModified\":\"2025-09-09T11:30:54+00:00\",\"description\":\"Reisemagazin \u00c4gypten mit authentischen Geschichten, ungew\u00f6hnlichen Reiserouten und echten Begegnungen. Wir inspirieren zum bewussten Reisen.\",\"breadcrumb\":{\"@id\":\"https:\/\/dabuka.com\/de\/reisemagazin-aegypten-dabuka-travel-visions-entdecken\/#breadcrumb\"},\"inLanguage\":\"de\",\"potentialAction\":[{\"@type\":\"ReadAction\",\"target\":[\"https:\/\/dabuka.com\/de\/reisemagazin-aegypten-dabuka-travel-visions-entdecken\/\"]}]},{\"@type\":\"ImageObject\",\"inLanguage\":\"de\",\"@id\":\"https:\/\/dabuka.com\/de\/reisemagazin-aegypten-dabuka-travel-visions-entdecken\/#primaryimage\",\"url\":\"https:\/\/dabuka.com\/wp-content\/uploads\/2025\/06\/Titelbild-Magazin.jpg\",\"contentUrl\":\"https:\/\/dabuka.com\/wp-content\/uploads\/2025\/06\/Titelbild-Magazin.jpg\",\"width\":1200,\"height\":550,\"caption\":\"Jede Reise erz\u00e4hlt eine Geschichte \u2013 entdecken Sie die Welt durch die Seiten von Dabuka Travel Visions.\"},{\"@type\":\"BreadcrumbList\",\"@id\":\"https:\/\/dabuka.com\/de\/reisemagazin-aegypten-dabuka-travel-visions-entdecken\/#breadcrumb\",\"itemListElement\":[{\"@type\":\"ListItem\",\"position\":1,\"name\":\"Dabuka\",\"item\":\"https:\/\/dabuka.com\/\"},{\"@type\":\"ListItem\",\"position\":2,\"name\":\"Reisemagazin \u00c4gypten \u2013 Dabuka Travel Visions entdecken\"}]},{\"@type\":\"WebSite\",\"@id\":\"https:\/\/dabuka.com\/#website\",\"url\":\"https:\/\/dabuka.com\/\",\"name\":\"\",\"description\":\"Expert for travels to Africa and the Middle East since 1983.\",\"potentialAction\":[{\"@type\":\"SearchAction\",\"target\":{\"@type\":\"EntryPoint\",\"urlTemplate\":\"https:\/\/dabuka.com\/?s={search_term_string}\"},\"query-input\":{\"@type\":\"PropertyValueSpecification\",\"valueRequired\":true,\"valueName\":\"search_term_string\"}}],\"inLanguage\":\"de\"}]}<\/script>\n<!-- \/ Yoast SEO Premium plugin. -->","yoast_head_json":{"title":"Reisemagazin \u00c4gypten \u2013 Dabuka Travel Visions entdecken -","description":"Reisemagazin \u00c4gypten mit authentischen Geschichten, ungew\u00f6hnlichen Reiserouten und echten Begegnungen. Wir inspirieren zum bewussten Reisen.","robots":{"index":"index","follow":"follow","max-snippet":"max-snippet:-1","max-image-preview":"max-image-preview:large","max-video-preview":"max-video-preview:-1"},"canonical":"https:\/\/dabuka.com\/de\/reisemagazin-aegypten-dabuka-travel-visions-entdecken\/","og_locale":"de_DE","og_type":"article","og_title":"Reisemagazin \u00c4gypten \u2013 Dabuka Travel Visions entdecken","og_description":"Reisemagazin \u00c4gypten mit authentischen Geschichten, ungew\u00f6hnlichen Reiserouten und echten Begegnungen. Wir inspirieren zum bewussten Reisen.","og_url":"https:\/\/dabuka.com\/de\/reisemagazin-aegypten-dabuka-travel-visions-entdecken\/","article_modified_time":"2025-09-09T11:30:54+00:00","og_image":[{"width":1200,"height":550,"url":"https:\/\/dabuka.com\/wp-content\/uploads\/2025\/06\/Titelbild-Magazin.jpg","type":"image\/jpeg"}],"twitter_card":"summary_large_image","twitter_misc":{"Gesch\u00e4tzte Lesezeit":"2\u00a0Minuten"},"schema":{"@context":"https:\/\/schema.org","@graph":[{"@type":"WebPage","@id":"https:\/\/dabuka.com\/de\/reisemagazin-aegypten-dabuka-travel-visions-entdecken\/","url":"https:\/\/dabuka.com\/de\/reisemagazin-aegypten-dabuka-travel-visions-entdecken\/","name":"Reisemagazin \u00c4gypten \u2013 Dabuka Travel Visions entdecken -","isPartOf":{"@id":"https:\/\/dabuka.com\/#website"},"primaryImageOfPage":{"@id":"https:\/\/dabuka.com\/de\/reisemagazin-aegypten-dabuka-travel-visions-entdecken\/#primaryimage"},"image":{"@id":"https:\/\/dabuka.com\/de\/reisemagazin-aegypten-dabuka-travel-visions-entdecken\/#primaryimage"},"thumbnailUrl":"https:\/\/dabuka.com\/wp-content\/uploads\/2025\/06\/Titelbild-Magazin.jpg","datePublished":"2024-09-16T12:07:14+00:00","dateModified":"2025-09-09T11:30:54+00:00","description":"Reisemagazin \u00c4gypten mit authentischen Geschichten, ungew\u00f6hnlichen Reiserouten und echten Begegnungen. Wir inspirieren zum bewussten Reisen.","breadcrumb":{"@id":"https:\/\/dabuka.com\/de\/reisemagazin-aegypten-dabuka-travel-visions-entdecken\/#breadcrumb"},"inLanguage":"de","potentialAction":[{"@type":"ReadAction","target":["https:\/\/dabuka.com\/de\/reisemagazin-aegypten-dabuka-travel-visions-entdecken\/"]}]},{"@type":"ImageObject","inLanguage":"de","@id":"https:\/\/dabuka.com\/de\/reisemagazin-aegypten-dabuka-travel-visions-entdecken\/#primaryimage","url":"https:\/\/dabuka.com\/wp-content\/uploads\/2025\/06\/Titelbild-Magazin.jpg","contentUrl":"https:\/\/dabuka.com\/wp-content\/uploads\/2025\/06\/Titelbild-Magazin.jpg","width":1200,"height":550,"caption":"Jede Reise erz\u00e4hlt eine Geschichte \u2013 entdecken Sie die Welt durch die Seiten von Dabuka Travel Visions."},{"@type":"BreadcrumbList","@id":"https:\/\/dabuka.com\/de\/reisemagazin-aegypten-dabuka-travel-visions-entdecken\/#breadcrumb","itemListElement":[{"@type":"ListItem","position":1,"name":"Dabuka","item":"https:\/\/dabuka.com\/"},{"@type":"ListItem","position":2,"name":"Reisemagazin \u00c4gypten \u2013 Dabuka Travel Visions entdecken"}]},{"@type":"WebSite","@id":"https:\/\/dabuka.com\/#website","url":"https:\/\/dabuka.com\/","name":"","description":"Expert for travels to Africa and the Middle East since 1983.","potentialAction":[{"@type":"SearchAction","target":{"@type":"EntryPoint","urlTemplate":"https:\/\/dabuka.com\/?s={search_term_string}"},"query-input":{"@type":"PropertyValueSpecification","valueRequired":true,"valueName":"search_term_string"}}],"inLanguage":"de"}]}},"_links":{"self":[{"href":"https:\/\/dabuka.com\/de\/wp-json\/wp\/v2\/pages\/30861","targetHints":{"allow":["GET"]}}],"collection":[{"href":"https:\/\/dabuka.com\/de\/wp-json\/wp\/v2\/pages"}],"about":[{"href":"https:\/\/dabuka.com\/de\/wp-json\/wp\/v2\/types\/page"}],"author":[{"embeddable":true,"href":"https:\/\/dabuka.com\/de\/wp-json\/wp\/v2\/users\/1"}],"replies":[{"embeddable":true,"href":"https:\/\/dabuka.com\/de\/wp-json\/wp\/v2\/comments?post=30861"}],"version-history":[{"count":27,"href":"https:\/\/dabuka.com\/de\/wp-json\/wp\/v2\/pages\/30861\/revisions"}],"predecessor-version":[{"id":34124,"href":"https:\/\/dabuka.com\/de\/wp-json\/wp\/v2\/pages\/30861\/revisions\/34124"}],"wp:featuredmedia":[{"embeddable":true,"href":"https:\/\/dabuka.com\/de\/wp-json\/wp\/v2\/media\/32221"}],"wp:attachment":[{"href":"https:\/\/dabuka.com\/de\/wp-json\/wp\/v2\/media?parent=30861"}],"curies":[{"name":"wp","href":"https:\/\/api.w.org\/{rel}","templated":true}]}}