{"id":30843,"date":"2018-09-15T00:07:25","date_gmt":"2018-09-15T00:07:25","guid":{"rendered":"https:\/\/dabuka.com\/datenschutzerklaerung\/"},"modified":"2025-05-16T11:59:32","modified_gmt":"2025-05-16T11:59:32","slug":"datenschutzerklaerung","status":"publish","type":"page","link":"https:\/\/dabuka.com\/de\/datenschutzerklaerung\/","title":{"rendered":"Datenschutzerkl\u00e4rung"},"content":{"rendered":"\t\t<div data-elementor-type=\"wp-page\" data-elementor-id=\"30843\" class=\"elementor elementor-30843 elementor-241\">\n\t\t\t\t\t\t<section class=\"elementor-section elementor-top-section elementor-element elementor-element-3967134d elementor-section-boxed elementor-section-height-default elementor-section-height-default\" data-id=\"3967134d\" data-element_type=\"section\">\n\t\t\t\t\t\t<div class=\"elementor-container elementor-column-gap-default\">\n\t\t\t\t\t<div class=\"elementor-column elementor-col-100 elementor-top-column elementor-element elementor-element-fcb3096\" data-id=\"fcb3096\" data-element_type=\"column\">\n\t\t\t<div class=\"elementor-widget-wrap elementor-element-populated\">\n\t\t\t\t\t\t<div class=\"elementor-element elementor-element-418d07d elementor-widget elementor-widget-text-editor\" data-id=\"418d07d\" data-element_type=\"widget\" data-widget_type=\"text-editor.default\">\n\t\t\t\t<div class=\"elementor-widget-container\">\n\t\t\t\t\t\t\t<h3>Datenschutzerkl\u00e4rung<\/h3>\n<p>Ihre Privatsph\u00e4re ist uns sehr wichtig. Bei Dabuka.com folgen wir einigen grundlegenden Prinzipien, um Ihre Daten zu sch\u00fctzen. <\/p>\n<h3>Datenerfassung<\/h3>\n<p>Wir fragen nur dann pers\u00f6nliche Daten ab, wenn wir sie wirklich ben\u00f6tigen. Pers\u00f6nliche Daten werden nur dann auf unseren Servern gespeichert, wenn dies f\u00fcr laufende Abl\u00e4ufe erforderlich ist. Wir geben Ihre pers\u00f6nlichen Daten nicht weiter, au\u00dfer um gesetzlichen Verpflichtungen nachzukommen, unsere Produkte weiterzuentwickeln oder unsere Rechte zu sch\u00fctzen.  <\/p>\n<h3>Aktivit\u00e4tsprotokoll<\/h3>\n<p>Diese Funktion zeichnet die Aktivit\u00e4ten registrierter Nutzer auf. Erfasste Daten umfassen E-Mail-Adresse, Rolle, Anmeldung, Anzeigename und mehr. Verfolgte Aktivit\u00e4ten beinhalten Anmeldeversuche, Beitrags\u00e4nderungen, Kommentare, Plugin-Verwaltung und Nutzerverwaltung. Die Aufbewahrungsdauer der Daten h\u00e4ngt vom Tarif der Website und der Art der Aktivit\u00e4t ab.   <\/p>\n<h3>Werbung<\/h3>\n<p>Werbefunktion ist in den Premium- und Professional-Tarifen verf\u00fcgbar. Gesammelte Daten umfassen IP-Adresse, geografische Daten, User-Agent, Betriebssystem und mehr. Erfasste Aktivit\u00e4ten beinhalten Anzeigenimpressionen, Videoevents und Klicks auf Anzeigen. Die Daten werden 30 Tage gespeichert, eindeutige Nutzer-IDs ein Jahr lang.   <\/p>\n<h3>Karussell<\/h3>\n<p>Bildaufrufe werden erfasst, wenn der Website-Betreiber die Statistikfunktion f\u00fcr Bildaufrufe aktiviert. Dabei werden Daten wie IP-Adresse, WordPress.com-Benutzer-ID, User Agent, besuchte URL und weitere Informationen verwendet. Erfasst wird die Aktivit\u00e4t der Bildaufrufe.  <\/p>\n<h3>Kommentar-Likes<\/h3>\n<p>Diese Funktion ist f\u00fcr Nutzer zug\u00e4nglich, die bei WordPress.com eingeloggt sind. Dabei werden Daten wie Nutzer-ID, Benutzername, lokale, sitespezifische Nutzer-ID sowie ein Wahr\/Falsch-Wert f\u00fcr Kommentar-Likes verwendet. Erfasst wird die Aktivit\u00e4t der Kommentar-Bewertungen (Likes).  <\/p>\n<h3>Kontaktformular<\/h3>\n<p>Wenn Akismet aktiviert ist, werden die Daten aus dem Kontaktformular zur Spam-Pr\u00fcfung an Akismet \u00fcbermittelt. Dabei werden folgende Daten verwendet: IP-Adresse, User-Agent, Name, E-Mail-Adresse, Webseite und Nachricht. Diese Daten werden in der Datenbank der Webseite gespeichert und zus\u00e4tzlich per E-Mail an den Formularinhaber gesendet.  <\/p>\n<h3>Google Analytics<\/h3>\n<p>Verf\u00fcgbar f\u00fcr Premium- und Professional-Tarife. Verwendete Daten umfassen Bestellnummer, Produkt-ID und -Name, Produktkategorie, Gesamtkosten sowie Menge der gekauften Artikel. Erfasste Aktivit\u00e4ten beinhalten Seitenaufrufe sowie WooCommerce-Ereignisse wie das Hinzuf\u00fcgen oder Entfernen von Artikeln im Warenkorb.  <\/p>\n<h3>Gravatar Hovercards<\/h3>\n<p>Diese Funktion sendet einen Hash der E-Mail-Adresse des Nutzers an den Gravatar-Dienst, um dessen Profilbild abzurufen.<\/p>\n<h3>Endloses Scrollen<\/h3>\n<p>Daten, die verwendet werden, umfassen IP-Adresse, WordPress.com-Benutzer-ID, User-Agent, besuchte URL und weitere. Erfasste Aktivit\u00e4ten beinhalten Seitenaufrufe bei jedem Nachladen zus\u00e4tzlicher Inhalte. <\/p>\n<h3>Jetpack-Kommentare<\/h3>\n<p>Verwendete Daten umfassen den Namen des Kommentierenden, die E-Mail-Adresse, die Website-URL, den Zeitstempel und die IP-Adresse. Erfasste Aktivit\u00e4ten beinhalten, dass der Name des Kommentarautors, die E-Mail-Adresse und die Website-URL in Cookies gespeichert werden. <\/p>\n<h3>Likes<\/h3>\n<p>Verf\u00fcgbar f\u00fcr angemeldete WordPress.com-Nutzer. Verwendete Daten umfassen IP-Adresse, Benutzer-ID, Benutzername, Seiten-ID, Beitrags-ID, User-Agent und mehr. Erfasste Aktivit\u00e4ten beinhalten Likes auf Beitr\u00e4ge.  <\/p>\n<h3>Mobiles Design<\/h3>\n<p>Daten werden verwendet, um die Pr\u00e4ferenz eines Besuchers zur Ansicht der mobilen Version einer Webseite zu speichern. Dabei wird ein Cookie f\u00fcr 3,5 Tage gespeichert, um diese Einstellung zu merken. <\/p>\n<h3>Benachrichtigungen<\/h3>\n<p>Zug\u00e4nglich f\u00fcr registrierte Nutzer der Website, die bei WordPress.com angemeldet sind. Verwendete Daten umfassen IP-Adresse, Benutzer-ID, Benutzername, Seiten-ID, Jetpack-Version, User-Agent, besuchte URL und mehr. Erfasste Aktivit\u00e4ten umfassen das Senden von Benachrichtigungen, das \u00d6ffnen von Benachrichtigungen sowie das Ausf\u00fchren von Aktionen im Benachrichtigungsbereich.  <\/p>\n<h3>Sch\u00fctzen<\/h3>\n<p>Verwendete Daten umfassen die IP-Adresse des versuchenden Nutzers, E-Mail-Adresse\/Benutzernamen sowie alle IP-bezogenen HTTP-Header. Erfasste Aktivit\u00e4ten beinhalten fehlgeschlagene Anmeldeversuche. Ein Cookie wird f\u00fcr einen Tag gesetzt, um die erfolgreiche L\u00f6sung des Rechen-Captchas zu speichern.  <\/p>\n<h3>Suche<\/h3>\n<p>Verf\u00fcgbar f\u00fcr Websites mit Professional-Plan. Verwendete Daten umfassen vom Besucher ausgew\u00e4hlte Suchfilter und Suchanfragen. <\/p>\n<h3>Teilen<\/h3>\n<p>Beim Teilen von Inhalten per E-Mail werden folgende Daten verwendet: Name und E-Mail-Adresse der teilenden Person, IP-Adresse sowie der User Agent (Browser- und Ger\u00e4teinformationen). Diese Daten werden zur Spam-Pr\u00fcfung an Akismet \u00fcbermittelt und k\u00f6nnen au\u00dferdem mit dem reCAPTCHA-Dienst von Google geteilt werden. <\/p>\n<h3>Einfache Zahlungen<\/h3>\n<p>Verf\u00fcgbar f\u00fcr Premium- und Professional-Tarife. Verwendete Daten umfassen Transaktionsbetrag, W\u00e4hrung, Produktname, Preis, Bestellmenge, PayPal-Zahler-ID und Transaktions-ID. Erfasste Aktivit\u00e4ten beinhalten die Nachverfolgung abgeschlossener Zahlungen.  <\/p>\n<h3>Abonnieren<\/h3>\n<p>Daten, die verwendet werden, umfassen die E-Mail-Adresse des Abonnenten sowie die ID von Beitr\u00e4gen oder Kommentaren. Serverdaten beinhalten HTTP-Anfrageheader, IP-Adresse und URI. Verfolgte Aktivit\u00e4ten umfassen Funktions-Cookies, die 347 Tage lang gesetzt werden, um die Abonnement-Einstellungen zu speichern.  <\/p>\n<h3>Video Hosting<\/h3>\n<p>Verf\u00fcgbar f\u00fcr Premium- und Professional-Tarife. Verwendete Daten umfassen die IP-Adresse des Zuschauers, Benutzer-ID, Benutzernamen, User-Agent, besuchte URL und mehr. Erfasste Aktivit\u00e4ten umfassen das Abspielen von Videos.  <\/p>\n<h3>WooCommerce-Dienste<\/h3>\n<p>Verwendete Daten umfassen Gesamtkaufbetrag, W\u00e4hrung, Rechnungsinformationen, Steuern, Checkout-Raten und Versandetiketten. Synchronisierte Daten beinhalten Gesamtkaufbetrag, W\u00e4hrung und Rechnungsinformationen des Kunden f\u00fcr den Zahlungsanbieter. <\/p>\n<h3>WordPress.com Sichere Anmeldung<\/h3>\n<p>Zug\u00e4nglich f\u00fcr registrierte Nutzer der Website mit WordPress.com-Konten. Verwendete Daten umfassen Benutzer-ID, Rolle, E-Mail-Adresse, Benutzername und Anzeigename. Erfasste Aktivit\u00e4ten beinhalten Ereignisse im Anmeldeprozess.  <\/p>\n<h3>WordPress.com-Statistiken<\/h3>\n<p>Verwendete Daten umfassen IP-Adresse, Benutzer-ID, Benutzername, User-Agent, besuchte URL, verweisende URL, Zeitstempel, Browsersprache und L\u00e4ndercode. Erfasste Aktivit\u00e4ten beinhalten Seiten- und Beitragsaufrufe, Videowiedergaben, Klicks auf ausgehende Links, verweisende URLs und Suchbegriffe von Suchmaschinen. <\/p>\n<h3>WordPress.com Toolbar<\/h3>\n<p>Zug\u00e4nglich f\u00fcr registrierte Benutzer der Website, die bei WordPress.com angemeldet sind. Verwendete Daten umfassen Gravatar-Bild-URL, Benutzer-ID, Benutzername, Seiten-ID, Jetpack-Version, User-Agent, besuchte URL, verweisende URL, Zeitstempel, Browsersprache und L\u00e4ndercode. Erfasste Aktivit\u00e4ten umfassen Klickaktionen innerhalb der Toolbar.  <\/p>\n\t\t\t\t\t\t<\/div>\n\t\t\t\t<\/div>\n\t\t\t\t\t<\/div>\n\t\t<\/div>\n\t\t\t\t\t<\/div>\n\t\t<\/section>\n\t\t\t\t<section class=\"elementor-section elementor-top-section elementor-element elementor-element-ddb2e58 elementor-section-boxed elementor-section-height-default elementor-section-height-default\" data-id=\"ddb2e58\" data-element_type=\"section\">\n\t\t\t\t\t\t<div class=\"elementor-container elementor-column-gap-default\">\n\t\t\t\t\t<div class=\"elementor-column elementor-col-100 elementor-top-column elementor-element elementor-element-53735ee\" data-id=\"53735ee\" data-element_type=\"column\">\n\t\t\t<div class=\"elementor-widget-wrap elementor-element-populated\">\n\t\t\t\t\t\t\t<\/div>\n\t\t<\/div>\n\t\t\t\t\t<\/div>\n\t\t<\/section>\n\t\t\t\t<section class=\"elementor-section elementor-top-section elementor-element elementor-element-155c896 elementor-section-boxed elementor-section-height-default elementor-section-height-default\" data-id=\"155c896\" data-element_type=\"section\">\n\t\t\t\t\t\t<div class=\"elementor-container elementor-column-gap-default\">\n\t\t\t\t\t<div class=\"elementor-column elementor-col-100 elementor-top-column elementor-element elementor-element-d7ef4bc\" data-id=\"d7ef4bc\" data-element_type=\"column\">\n\t\t\t<div class=\"elementor-widget-wrap elementor-element-populated\">\n\t\t\t\t\t\t<section class=\"elementor-section elementor-inner-section elementor-element elementor-element-be81eb8 elementor-section-boxed elementor-section-height-default elementor-section-height-default\" data-id=\"be81eb8\" data-element_type=\"section\">\n\t\t\t\t\t\t<div class=\"elementor-container elementor-column-gap-default\">\n\t\t\t\t\t<div class=\"elementor-column elementor-col-50 elementor-inner-column elementor-element elementor-element-acd0eb0\" data-id=\"acd0eb0\" data-element_type=\"column\">\n\t\t\t<div class=\"elementor-widget-wrap\">\n\t\t\t\t\t\t\t<\/div>\n\t\t<\/div>\n\t\t\t\t<div class=\"elementor-column elementor-col-50 elementor-inner-column elementor-element elementor-element-f4c65cc\" data-id=\"f4c65cc\" data-element_type=\"column\">\n\t\t\t<div class=\"elementor-widget-wrap\">\n\t\t\t\t\t\t\t<\/div>\n\t\t<\/div>\n\t\t\t\t\t<\/div>\n\t\t<\/section>\n\t\t\t\t\t<\/div>\n\t\t<\/div>\n\t\t\t\t\t<\/div>\n\t\t<\/section>\n\t\t\t\t<\/div>\n\t\t","protected":false},"excerpt":{"rendered":"<p>Datenschutzerkl\u00e4rung Ihre Privatsph\u00e4re ist uns sehr wichtig. Bei Dabuka.com folgen wir einigen grundlegenden Prinzipien, um Ihre Daten zu sch\u00fctzen. Datenerfassung Wir fragen nur dann pers\u00f6nliche Daten ab, wenn wir sie wirklich ben\u00f6tigen. Pers\u00f6nliche Daten werden nur dann auf unseren Servern gespeichert, wenn dies f\u00fcr laufende Abl\u00e4ufe erforderlich ist. Wir geben Ihre pers\u00f6nlichen Daten nicht weiter, [&hellip;]<\/p>\n","protected":false},"author":1,"featured_media":30846,"parent":0,"menu_order":0,"comment_status":"closed","ping_status":"closed","template":"","meta":{"footnotes":""},"class_list":["post-30843","page","type-page","status-publish","has-post-thumbnail","hentry"],"yoast_head":"<!-- This site is optimized with the Yoast SEO Premium plugin v25.5 (Yoast SEO v25.5) - https:\/\/yoast.com\/wordpress\/plugins\/seo\/ -->\n<title>Datenschutzerkl\u00e4rung -<\/title>\n<meta name=\"description\" content=\"Entdecken Sie unser Engagement f\u00fcr Ihre Privatsph\u00e4re auf dabuka.de. Erfahren Sie mehr \u00fcber unsere Grunds\u00e4tze und wie wir Ihre pers\u00f6nlichen Daten sch\u00fctzen.\" \/>\n<meta name=\"robots\" content=\"index, follow, max-snippet:-1, max-image-preview:large, max-video-preview:-1\" \/>\n<link rel=\"canonical\" href=\"https:\/\/dabuka.com\/de\/datenschutzerklaerung\/\" \/>\n<meta property=\"og:locale\" content=\"de_DE\" \/>\n<meta property=\"og:type\" content=\"article\" \/>\n<meta property=\"og:title\" content=\"Datenschutzerkl\u00e4rung\" \/>\n<meta property=\"og:description\" content=\"Entdecken Sie unser Engagement f\u00fcr Ihre Privatsph\u00e4re auf dabuka.de. Erfahren Sie mehr \u00fcber unsere Grunds\u00e4tze und wie wir Ihre pers\u00f6nlichen Daten sch\u00fctzen.\" \/>\n<meta property=\"og:url\" content=\"https:\/\/dabuka.com\/de\/datenschutzerklaerung\/\" \/>\n<meta property=\"article:modified_time\" content=\"2025-05-16T11:59:32+00:00\" \/>\n<meta property=\"og:image\" content=\"https:\/\/dabuka.com\/wp-content\/uploads\/2024\/01\/Drive-fly-back-safari-Serengeti.8.10.08-PM.web_.jpg\" \/>\n\t<meta property=\"og:image:width\" content=\"800\" \/>\n\t<meta property=\"og:image:height\" content=\"600\" \/>\n\t<meta property=\"og:image:type\" content=\"image\/jpeg\" \/>\n<meta name=\"twitter:card\" content=\"summary_large_image\" \/>\n<meta name=\"twitter:label1\" content=\"Gesch\u00e4tzte Lesezeit\" \/>\n\t<meta name=\"twitter:data1\" content=\"4\u00a0Minuten\" \/>\n<script type=\"application\/ld+json\" class=\"yoast-schema-graph\">{\"@context\":\"https:\/\/schema.org\",\"@graph\":[{\"@type\":\"WebPage\",\"@id\":\"https:\/\/dabuka.com\/de\/datenschutzerklaerung\/\",\"url\":\"https:\/\/dabuka.com\/de\/datenschutzerklaerung\/\",\"name\":\"Datenschutzerkl\u00e4rung -\",\"isPartOf\":{\"@id\":\"https:\/\/dabuka.com\/#website\"},\"primaryImageOfPage\":{\"@id\":\"https:\/\/dabuka.com\/de\/datenschutzerklaerung\/#primaryimage\"},\"image\":{\"@id\":\"https:\/\/dabuka.com\/de\/datenschutzerklaerung\/#primaryimage\"},\"thumbnailUrl\":\"https:\/\/dabuka.com\/wp-content\/uploads\/2024\/01\/Drive-fly-back-safari-Serengeti.8.10.08-PM.web_.jpg\",\"datePublished\":\"2018-09-15T00:07:25+00:00\",\"dateModified\":\"2025-05-16T11:59:32+00:00\",\"description\":\"Entdecken Sie unser Engagement f\u00fcr Ihre Privatsph\u00e4re auf dabuka.de. Erfahren Sie mehr \u00fcber unsere Grunds\u00e4tze und wie wir Ihre pers\u00f6nlichen Daten sch\u00fctzen.\",\"breadcrumb\":{\"@id\":\"https:\/\/dabuka.com\/de\/datenschutzerklaerung\/#breadcrumb\"},\"inLanguage\":\"de\",\"potentialAction\":[{\"@type\":\"ReadAction\",\"target\":[\"https:\/\/dabuka.com\/de\/datenschutzerklaerung\/\"]}]},{\"@type\":\"ImageObject\",\"inLanguage\":\"de\",\"@id\":\"https:\/\/dabuka.com\/de\/datenschutzerklaerung\/#primaryimage\",\"url\":\"https:\/\/dabuka.com\/wp-content\/uploads\/2024\/01\/Drive-fly-back-safari-Serengeti.8.10.08-PM.web_.jpg\",\"contentUrl\":\"https:\/\/dabuka.com\/wp-content\/uploads\/2024\/01\/Drive-fly-back-safari-Serengeti.8.10.08-PM.web_.jpg\",\"width\":800,\"height\":600,\"caption\":\"Drive fly back safari Serenget\"},{\"@type\":\"BreadcrumbList\",\"@id\":\"https:\/\/dabuka.com\/de\/datenschutzerklaerung\/#breadcrumb\",\"itemListElement\":[{\"@type\":\"ListItem\",\"position\":1,\"name\":\"Dabuka\",\"item\":\"https:\/\/dabuka.com\/\"},{\"@type\":\"ListItem\",\"position\":2,\"name\":\"Datenschutzerkl\u00e4rung\"}]},{\"@type\":\"WebSite\",\"@id\":\"https:\/\/dabuka.com\/#website\",\"url\":\"https:\/\/dabuka.com\/\",\"name\":\"\",\"description\":\"Expert for travels to Africa and the Middle East since 1983.\",\"potentialAction\":[{\"@type\":\"SearchAction\",\"target\":{\"@type\":\"EntryPoint\",\"urlTemplate\":\"https:\/\/dabuka.com\/?s={search_term_string}\"},\"query-input\":{\"@type\":\"PropertyValueSpecification\",\"valueRequired\":true,\"valueName\":\"search_term_string\"}}],\"inLanguage\":\"de\"}]}<\/script>\n<!-- \/ Yoast SEO Premium plugin. -->","yoast_head_json":{"title":"Datenschutzerkl\u00e4rung -","description":"Entdecken Sie unser Engagement f\u00fcr Ihre Privatsph\u00e4re auf dabuka.de. Erfahren Sie mehr \u00fcber unsere Grunds\u00e4tze und wie wir Ihre pers\u00f6nlichen Daten sch\u00fctzen.","robots":{"index":"index","follow":"follow","max-snippet":"max-snippet:-1","max-image-preview":"max-image-preview:large","max-video-preview":"max-video-preview:-1"},"canonical":"https:\/\/dabuka.com\/de\/datenschutzerklaerung\/","og_locale":"de_DE","og_type":"article","og_title":"Datenschutzerkl\u00e4rung","og_description":"Entdecken Sie unser Engagement f\u00fcr Ihre Privatsph\u00e4re auf dabuka.de. Erfahren Sie mehr \u00fcber unsere Grunds\u00e4tze und wie wir Ihre pers\u00f6nlichen Daten sch\u00fctzen.","og_url":"https:\/\/dabuka.com\/de\/datenschutzerklaerung\/","article_modified_time":"2025-05-16T11:59:32+00:00","og_image":[{"width":800,"height":600,"url":"https:\/\/dabuka.com\/wp-content\/uploads\/2024\/01\/Drive-fly-back-safari-Serengeti.8.10.08-PM.web_.jpg","type":"image\/jpeg"}],"twitter_card":"summary_large_image","twitter_misc":{"Gesch\u00e4tzte Lesezeit":"4\u00a0Minuten"},"schema":{"@context":"https:\/\/schema.org","@graph":[{"@type":"WebPage","@id":"https:\/\/dabuka.com\/de\/datenschutzerklaerung\/","url":"https:\/\/dabuka.com\/de\/datenschutzerklaerung\/","name":"Datenschutzerkl\u00e4rung -","isPartOf":{"@id":"https:\/\/dabuka.com\/#website"},"primaryImageOfPage":{"@id":"https:\/\/dabuka.com\/de\/datenschutzerklaerung\/#primaryimage"},"image":{"@id":"https:\/\/dabuka.com\/de\/datenschutzerklaerung\/#primaryimage"},"thumbnailUrl":"https:\/\/dabuka.com\/wp-content\/uploads\/2024\/01\/Drive-fly-back-safari-Serengeti.8.10.08-PM.web_.jpg","datePublished":"2018-09-15T00:07:25+00:00","dateModified":"2025-05-16T11:59:32+00:00","description":"Entdecken Sie unser Engagement f\u00fcr Ihre Privatsph\u00e4re auf dabuka.de. Erfahren Sie mehr \u00fcber unsere Grunds\u00e4tze und wie wir Ihre pers\u00f6nlichen Daten sch\u00fctzen.","breadcrumb":{"@id":"https:\/\/dabuka.com\/de\/datenschutzerklaerung\/#breadcrumb"},"inLanguage":"de","potentialAction":[{"@type":"ReadAction","target":["https:\/\/dabuka.com\/de\/datenschutzerklaerung\/"]}]},{"@type":"ImageObject","inLanguage":"de","@id":"https:\/\/dabuka.com\/de\/datenschutzerklaerung\/#primaryimage","url":"https:\/\/dabuka.com\/wp-content\/uploads\/2024\/01\/Drive-fly-back-safari-Serengeti.8.10.08-PM.web_.jpg","contentUrl":"https:\/\/dabuka.com\/wp-content\/uploads\/2024\/01\/Drive-fly-back-safari-Serengeti.8.10.08-PM.web_.jpg","width":800,"height":600,"caption":"Drive fly back safari Serenget"},{"@type":"BreadcrumbList","@id":"https:\/\/dabuka.com\/de\/datenschutzerklaerung\/#breadcrumb","itemListElement":[{"@type":"ListItem","position":1,"name":"Dabuka","item":"https:\/\/dabuka.com\/"},{"@type":"ListItem","position":2,"name":"Datenschutzerkl\u00e4rung"}]},{"@type":"WebSite","@id":"https:\/\/dabuka.com\/#website","url":"https:\/\/dabuka.com\/","name":"","description":"Expert for travels to Africa and the Middle East since 1983.","potentialAction":[{"@type":"SearchAction","target":{"@type":"EntryPoint","urlTemplate":"https:\/\/dabuka.com\/?s={search_term_string}"},"query-input":{"@type":"PropertyValueSpecification","valueRequired":true,"valueName":"search_term_string"}}],"inLanguage":"de"}]}},"_links":{"self":[{"href":"https:\/\/dabuka.com\/de\/wp-json\/wp\/v2\/pages\/30843","targetHints":{"allow":["GET"]}}],"collection":[{"href":"https:\/\/dabuka.com\/de\/wp-json\/wp\/v2\/pages"}],"about":[{"href":"https:\/\/dabuka.com\/de\/wp-json\/wp\/v2\/types\/page"}],"author":[{"embeddable":true,"href":"https:\/\/dabuka.com\/de\/wp-json\/wp\/v2\/users\/1"}],"replies":[{"embeddable":true,"href":"https:\/\/dabuka.com\/de\/wp-json\/wp\/v2\/comments?post=30843"}],"version-history":[{"count":1,"href":"https:\/\/dabuka.com\/de\/wp-json\/wp\/v2\/pages\/30843\/revisions"}],"predecessor-version":[{"id":30847,"href":"https:\/\/dabuka.com\/de\/wp-json\/wp\/v2\/pages\/30843\/revisions\/30847"}],"wp:featuredmedia":[{"embeddable":true,"href":"https:\/\/dabuka.com\/de\/wp-json\/wp\/v2\/media\/30846"}],"wp:attachment":[{"href":"https:\/\/dabuka.com\/de\/wp-json\/wp\/v2\/media?parent=30843"}],"curies":[{"name":"wp","href":"https:\/\/api.w.org\/{rel}","templated":true}]}}